{"id":2643,"date":"2025-07-27T15:09:15","date_gmt":"2025-07-27T15:09:15","guid":{"rendered":"https:\/\/www.alexandrehoriot-art.com\/\/\/home\/?page_id=2643"},"modified":"2026-04-07T17:59:05","modified_gmt":"2026-04-07T17:59:05","slug":"creation","status":"publish","type":"page","link":"https:\/\/www.alexandrehoriot-art.com\/\/\/home\/creation\/","title":{"rendered":"Cr\u00e9ation &#8211; Performance"},"content":{"rendered":"<div id=\"dslc-theme-content\"><div id=\"dslc-theme-content-inner\">\t\t<div data-elementor-type=\"wp-page\" data-elementor-id=\"2643\" class=\"elementor elementor-2643\" data-elementor-post-type=\"page\">\n\t\t\t\t\t\t\t\t\t<section class=\"elementor-section elementor-top-section elementor-element elementor-element-3f5243e elementor-section-boxed elementor-section-height-default elementor-section-height-default elementor-invisible\" data-id=\"3f5243e\" data-element_type=\"section\" data-settings=\"{&quot;background_background&quot;:&quot;classic&quot;,&quot;animation&quot;:&quot;fadeIn&quot;}\">\n\t\t\t\t\t\t<div class=\"elementor-container elementor-column-gap-default\">\n\t\t\t\t\t<div class=\"elementor-column elementor-col-100 elementor-top-column elementor-element elementor-element-34bf562\" data-id=\"34bf562\" data-element_type=\"column\">\n\t\t\t<div class=\"elementor-widget-wrap elementor-element-populated\">\n\t\t\t\t\t\t\t\t<div class=\"elementor-element elementor-element-680c86c elementor-widget elementor-widget-heading\" data-id=\"680c86c\" data-element_type=\"widget\" data-widget_type=\"heading.default\">\n\t\t\t\t<div class=\"elementor-widget-container\">\n\t\t\t<h2 class=\"elementor-heading-title elementor-size-default\"><i>Travers\u00e9e<\/i> (en cours de cr\u00e9ation)<\/h2>\t\t<\/div>\n\t\t\t\t<\/div>\n\t\t\t\t<div class=\"elementor-element elementor-element-0f1a0aa elementor-widget-divider--view-line elementor-widget elementor-widget-divider\" data-id=\"0f1a0aa\" data-element_type=\"widget\" data-widget_type=\"divider.default\">\n\t\t\t\t<div class=\"elementor-widget-container\">\n\t\t\t\t\t<div class=\"elementor-divider\">\n\t\t\t<span class=\"elementor-divider-separator\">\n\t\t\t\t\t\t<\/span>\n\t\t<\/div>\n\t\t\t\t<\/div>\n\t\t\t\t<\/div>\n\t\t\t\t\t<\/div>\n\t\t<\/div>\n\t\t\t\t\t\t\t<\/div>\n\t\t<\/section>\n\t\t\t\t<section class=\"elementor-section elementor-top-section elementor-element elementor-element-5deef42 elementor-section-boxed elementor-section-height-default elementor-section-height-default\" data-id=\"5deef42\" data-element_type=\"section\">\n\t\t\t\t\t\t<div class=\"elementor-container elementor-column-gap-default\">\n\t\t\t\t\t<div class=\"elementor-column elementor-col-100 elementor-top-column elementor-element elementor-element-87a9b53\" data-id=\"87a9b53\" data-element_type=\"column\">\n\t\t\t<div class=\"elementor-widget-wrap elementor-element-populated\">\n\t\t\t\t\t\t\t\t<div class=\"elementor-element elementor-element-c94176e elementor-widget elementor-widget-text-editor\" data-id=\"c94176e\" data-element_type=\"widget\" data-widget_type=\"text-editor.default\">\n\t\t\t\t<div class=\"elementor-widget-container\">\n\t\t\t\t\t\t\t<p><i>En partenariat avec <a href=\"https:\/\/www.leshautsduperche.fr\/on-vous-le-dit-aussi\/\">L&rsquo;Espace Culturel de la Corne D&rsquo;Or<\/a> (sortie de r\u00e9sidence) et la c<\/i><i style=\"font-size: 1rem;\">ie <a href=\"https:\/\/arterebrule.wixsite.com\/arterebrule\">Art\u00e8re Br\u00fble<\/a>.<br \/>Remerciements: <a href=\"https:\/\/www.linkedin.com\/in\/sandrine-bila-8b68087a\/\">Sandrine Bila<\/a>, Charl\u00e8ne S\u00e9gouin, <a href=\"https:\/\/arteacte.wixsite.com\/arteacte\">Ornella Amanda<\/a>, Richard Marie, Juliette Noetzlin,\u00a0<\/i><i style=\"font-size: 1rem;\">Machiel Van der Leest,<\/i><i style=\"font-size: 1rem;\"> Clara Horiot, Taras Sourougiou, Ondine Oberlin, <a href=\"https:\/\/www.instagram.com\/jonacart?igsh=czZlbnN5MWdneXRj\">Jonathan Carly,<\/a><\/i><i style=\"font-size: 1rem;\">Tarik Fahlaoui.<\/i><\/p><p>Proposition d&rsquo;un voyage \u00e0 travers images et sons, qui veut interroger notre rapport au temps et \u00e0 la nature. Une navigation port\u00e9e par cette \u00ab\u00a0m\u00e9moire collective\u00a0\u00bb, faite de sensations et de po\u00e9tiques, que constituent le cin\u00e9ma et la musique.<\/p><p>La forme est \u00e0 mi-chemin entre un concert accompagn\u00e9 d&rsquo;images, et un montage vid\u00e9o avec sa musique jou\u00e9e en direct. Deux angles d&rsquo;approche laiss\u00e9s ouverts. Le spectateur a le choix de l&rsquo;endroit o\u00f9 porter son regard et son attention, confortant l&rsquo;id\u00e9e d&rsquo;un voyage<\/p>\t\t\t\t\t\t<\/div>\n\t\t\t\t<\/div>\n\t\t\t\t\t<\/div>\n\t\t<\/div>\n\t\t\t\t\t\t\t<\/div>\n\t\t<\/section>\n\t\t\t\t<section class=\"elementor-section elementor-top-section elementor-element elementor-element-baa3ad1 elementor-section-boxed elementor-section-height-default elementor-section-height-default elementor-invisible\" data-id=\"baa3ad1\" data-element_type=\"section\" data-settings=\"{&quot;animation&quot;:&quot;slideInUp&quot;}\">\n\t\t\t\t\t\t<div class=\"elementor-container elementor-column-gap-default\">\n\t\t\t\t\t<div class=\"elementor-column elementor-col-50 elementor-top-column elementor-element elementor-element-732c9c8\" data-id=\"732c9c8\" data-element_type=\"column\">\n\t\t\t<div class=\"elementor-widget-wrap elementor-element-populated\">\n\t\t\t\t\t\t\t\t<div class=\"elementor-element elementor-element-57268ac elementor-widget elementor-widget-image\" data-id=\"57268ac\" data-element_type=\"widget\" data-widget_type=\"image.default\">\n\t\t\t\t<div class=\"elementor-widget-container\">\n\t\t\t\t\t\t\t\t\t\t\t\t\t\t\t<img loading=\"lazy\" decoding=\"async\" width=\"525\" height=\"763\" src=\"https:\/\/www.alexandrehoriot-art.com\/wp-content\/uploads\/2026\/02\/ONEIROI_Corne-dOR-705x1024.jpg\" class=\"attachment-large size-large wp-image-3348\" alt=\"\" srcset=\"https:\/\/www.alexandrehoriot-art.com\/wp-content\/uploads\/2026\/02\/ONEIROI_Corne-dOR-705x1024.jpg 705w, https:\/\/www.alexandrehoriot-art.com\/wp-content\/uploads\/2026\/02\/ONEIROI_Corne-dOR-207x300.jpg 207w, https:\/\/www.alexandrehoriot-art.com\/wp-content\/uploads\/2026\/02\/ONEIROI_Corne-dOR-768x1115.jpg 768w, https:\/\/www.alexandrehoriot-art.com\/wp-content\/uploads\/2026\/02\/ONEIROI_Corne-dOR-1058x1536.jpg 1058w, https:\/\/www.alexandrehoriot-art.com\/wp-content\/uploads\/2026\/02\/ONEIROI_Corne-dOR-1411x2048.jpg 1411w, https:\/\/www.alexandrehoriot-art.com\/wp-content\/uploads\/2026\/02\/ONEIROI_Corne-dOR-scaled.jpg 1763w\" sizes=\"auto, 100vw\" \/>\t\t\t\t\t\t\t\t\t\t\t\t\t\t\t<\/div>\n\t\t\t\t<\/div>\n\t\t\t\t\t<\/div>\n\t\t<\/div>\n\t\t\t\t<div class=\"elementor-column elementor-col-50 elementor-top-column elementor-element elementor-element-814f691\" data-id=\"814f691\" data-element_type=\"column\">\n\t\t\t<div class=\"elementor-widget-wrap elementor-element-populated\">\n\t\t\t\t\t\t\t\t<div class=\"elementor-element elementor-element-444de43 elementor-widget elementor-widget-image\" data-id=\"444de43\" data-element_type=\"widget\" data-widget_type=\"image.default\">\n\t\t\t\t<div class=\"elementor-widget-container\">\n\t\t\t\t\t\t\t\t\t\t\t\t\t\t\t<img loading=\"lazy\" decoding=\"async\" width=\"525\" height=\"411\" src=\"https:\/\/www.alexandrehoriot-art.com\/wp-content\/uploads\/2025\/07\/IMG_3522-2-1024x802.jpg\" class=\"attachment-large size-large wp-image-2663\" alt=\"\" srcset=\"https:\/\/www.alexandrehoriot-art.com\/wp-content\/uploads\/2025\/07\/IMG_3522-2-1024x802.jpg 1024w, https:\/\/www.alexandrehoriot-art.com\/wp-content\/uploads\/2025\/07\/IMG_3522-2-300x235.jpg 300w, https:\/\/www.alexandrehoriot-art.com\/wp-content\/uploads\/2025\/07\/IMG_3522-2-768x601.jpg 768w, https:\/\/www.alexandrehoriot-art.com\/wp-content\/uploads\/2025\/07\/IMG_3522-2.jpg 1170w\" sizes=\"auto, 100vw\" \/>\t\t\t\t\t\t\t\t\t\t\t\t\t\t\t<\/div>\n\t\t\t\t<\/div>\n\t\t\t\t\t<\/div>\n\t\t<\/div>\n\t\t\t\t\t\t\t<\/div>\n\t\t<\/section>\n\t\t\t\t<section class=\"elementor-section elementor-top-section elementor-element elementor-element-49c8954 elementor-section-boxed elementor-section-height-default elementor-section-height-default elementor-invisible\" data-id=\"49c8954\" data-element_type=\"section\" data-settings=\"{&quot;animation&quot;:&quot;slideInUp&quot;}\">\n\t\t\t\t\t\t<div class=\"elementor-container elementor-column-gap-default\">\n\t\t\t\t\t<div class=\"elementor-column elementor-col-50 elementor-top-column elementor-element elementor-element-5646816\" data-id=\"5646816\" data-element_type=\"column\">\n\t\t\t<div class=\"elementor-widget-wrap elementor-element-populated\">\n\t\t\t\t\t\t\t\t<div class=\"elementor-element elementor-element-4d1fcd2 elementor-widget elementor-widget-video\" data-id=\"4d1fcd2\" data-element_type=\"widget\" data-settings=\"{&quot;video_type&quot;:&quot;hosted&quot;,&quot;controls&quot;:&quot;yes&quot;}\" data-widget_type=\"video.default\">\n\t\t\t\t<div class=\"elementor-widget-container\">\n\t\t\t\t\t<div class=\"e-hosted-video elementor-wrapper elementor-open-inline\">\n\t\t\t\t\t<video class=\"elementor-video\" src=\"https:\/\/www.alexandrehoriot-art.com\/wp-content\/uploads\/2026\/01\/Extrait-2.mov\" controls=\"\" preload=\"metadata\" controlsList=\"nodownload\"><\/video>\n\t\t\t\t<\/div>\n\t\t\t\t<\/div>\n\t\t\t\t<\/div>\n\t\t\t\t\t<\/div>\n\t\t<\/div>\n\t\t\t\t<div class=\"elementor-column elementor-col-50 elementor-top-column elementor-element elementor-element-1d971b6\" data-id=\"1d971b6\" data-element_type=\"column\">\n\t\t\t<div class=\"elementor-widget-wrap elementor-element-populated\">\n\t\t\t\t\t\t\t\t<div class=\"elementor-element elementor-element-b775ebb elementor-widget elementor-widget-video\" data-id=\"b775ebb\" data-element_type=\"widget\" data-settings=\"{&quot;video_type&quot;:&quot;hosted&quot;,&quot;controls&quot;:&quot;yes&quot;}\" data-widget_type=\"video.default\">\n\t\t\t\t<div class=\"elementor-widget-container\">\n\t\t\t\t\t<div class=\"e-hosted-video elementor-wrapper elementor-open-inline\">\n\t\t\t\t\t<video class=\"elementor-video\" src=\"https:\/\/www.alexandrehoriot-art.com\/wp-content\/uploads\/2026\/01\/Extrait-1.mov\" controls=\"\" preload=\"metadata\" controlsList=\"nodownload\"><\/video>\n\t\t\t\t<\/div>\n\t\t\t\t<\/div>\n\t\t\t\t<\/div>\n\t\t\t\t\t<\/div>\n\t\t<\/div>\n\t\t\t\t\t\t\t<\/div>\n\t\t<\/section>\n\t\t\t\t\t\t\t<\/div>\n\t\t<\/div><\/div>","protected":false},"excerpt":{"rendered":"<p>Travers\u00e9e (en cours de cr\u00e9ation) En partenariat avec L&rsquo;Espace Culturel de la Corne D&rsquo;Or (sortie de r\u00e9sidence) et la cie Art\u00e8re Br\u00fble.Remerciements: Sandrine Bila, Charl\u00e8ne S\u00e9gouin, Ornella Amanda, Richard Marie, Juliette Noetzlin,\u00a0Machiel Van der Leest, Clara Horiot, Taras Sourougiou, Ondine Oberlin, Jonathan Carly,Tarik Fahlaoui. Proposition d&rsquo;un voyage \u00e0 travers images et sons, qui veut interroger &hellip; <\/p>\n<p class=\"link-more\"><a href=\"https:\/\/www.alexandrehoriot-art.com\/\/\/home\/creation\/\" class=\"more-link\">Continuer la lecture<span class=\"screen-reader-text\"> de &laquo;&nbsp;Cr\u00e9ation &#8211; Performance&nbsp;&raquo;<\/span><\/a><\/p>\n","protected":false},"author":1,"featured_media":0,"parent":0,"menu_order":0,"comment_status":"closed","ping_status":"closed","template":"","meta":{"footnotes":""},"categories":[],"tags":[],"class_list":["post-2643","page","type-page","status-publish","hentry"],"_links":{"self":[{"href":"https:\/\/www.alexandrehoriot-art.com\/\/\/home\/wp-json\/wp\/v2\/pages\/2643","targetHints":{"allow":["GET"]}}],"collection":[{"href":"https:\/\/www.alexandrehoriot-art.com\/\/\/home\/wp-json\/wp\/v2\/pages"}],"about":[{"href":"https:\/\/www.alexandrehoriot-art.com\/\/\/home\/wp-json\/wp\/v2\/types\/page"}],"author":[{"embeddable":true,"href":"https:\/\/www.alexandrehoriot-art.com\/\/\/home\/wp-json\/wp\/v2\/users\/1"}],"replies":[{"embeddable":true,"href":"https:\/\/www.alexandrehoriot-art.com\/\/\/home\/wp-json\/wp\/v2\/comments?post=2643"}],"version-history":[{"count":309,"href":"https:\/\/www.alexandrehoriot-art.com\/\/\/home\/wp-json\/wp\/v2\/pages\/2643\/revisions"}],"predecessor-version":[{"id":4058,"href":"https:\/\/www.alexandrehoriot-art.com\/\/\/home\/wp-json\/wp\/v2\/pages\/2643\/revisions\/4058"}],"wp:attachment":[{"href":"https:\/\/www.alexandrehoriot-art.com\/\/\/home\/wp-json\/wp\/v2\/media?parent=2643"}],"wp:term":[{"taxonomy":"category","embeddable":true,"href":"https:\/\/www.alexandrehoriot-art.com\/\/\/home\/wp-json\/wp\/v2\/categories?post=2643"},{"taxonomy":"post_tag","embeddable":true,"href":"https:\/\/www.alexandrehoriot-art.com\/\/\/home\/wp-json\/wp\/v2\/tags?post=2643"}],"curies":[{"name":"wp","href":"https:\/\/api.w.org\/{rel}","templated":true}]}}